{"id":43756,"date":"2025-04-03T22:44:56","date_gmt":"2025-04-03T20:44:56","guid":{"rendered":"https:\/\/www.alfaprogroup.at\/?page_id=43756"},"modified":"2025-11-27T12:51:07","modified_gmt":"2025-11-27T11:51:07","slug":"contact","status":"publish","type":"page","link":"https:\/\/www.alfaprogroup.at\/cs\/contact\/","title":{"rendered":"Contact"},"content":{"rendered":"<div data-elementor-type=\"wp-page\" data-elementor-id=\"43756\" class=\"elementor elementor-43756\" data-elementor-post-type=\"page\">\n\t\t\t\t<div class=\"elementor-element elementor-element-ad9ea36 e-flex e-con-boxed e-con e-parent\" data-id=\"ad9ea36\" data-element_type=\"container\" data-settings=\"{&quot;background_background&quot;:&quot;classic&quot;,&quot;jet_parallax_layout_list&quot;:[]}\">\n\t\t\t\t\t<div class=\"e-con-inner\">\n\t\t\t\t<div class=\"elementor-element elementor-element-f4a3cb7 elementor-widget elementor-widget-heading\" data-id=\"f4a3cb7\" data-element_type=\"widget\" data-widget_type=\"heading.default\">\n\t\t\t\t<div class=\"elementor-widget-container\">\n\t\t\t\t\t<h1 class=\"elementor-heading-title elementor-size-default\"><h1><span style=\"font-weight:bold\">Kontaktieren Sie  <span style=\"color:#E10600\">AlfaPro<\/span> <\/span><\/h1><\/h1>\t\t\t\t<\/div>\n\t\t\t\t<\/div>\n\t\t\t\t<div class=\"elementor-element elementor-element-83dd89b elementor-widget__width-initial elementor-widget elementor-widget-text-editor\" data-id=\"83dd89b\" data-element_type=\"widget\" data-widget_type=\"text-editor.default\">\n\t\t\t\t<div class=\"elementor-widget-container\">\n\t\t\t\t\t\t\t\t\t<p>Wir helfen Ihnen, Ihre IT besser zu machen. Mit professioneller <strong>IT-Betreuung<\/strong>, effizientem <strong>IT-Service<\/strong> und verl\u00e4sslichem <strong>IT-Support<\/strong> steigern wir Ihre Ergebnisse und schaffen eine <strong>IT-Infrastruktur<\/strong>, auf die Sie sich verlassen k\u00f6nnen.<\/p>\t\t\t\t\t\t\t\t<\/div>\n\t\t\t\t<\/div>\n\t\t\t\t\t<\/div>\n\t\t\t\t<\/div>\n\t\t<div class=\"elementor-element elementor-element-ef65fc9 e-flex e-con-boxed e-con e-parent\" data-id=\"ef65fc9\" data-element_type=\"container\" data-settings=\"{&quot;jet_parallax_layout_list&quot;:[]}\">\n\t\t\t\t\t<div class=\"e-con-inner\">\n\t\t\t\t<div class=\"elementor-element elementor-element-84576c7 elementor-widget elementor-widget-heading\" data-id=\"84576c7\" data-element_type=\"widget\" data-widget_type=\"heading.default\">\n\t\t\t\t<div class=\"elementor-widget-container\">\n\t\t\t\t\t<h2 class=\"elementor-heading-title elementor-size-default\">Gesch\u00e4ftskontakt<\/h2>\t\t\t\t<\/div>\n\t\t\t\t<\/div>\n\t\t\t\t<div class=\"elementor-element elementor-element-a8fd80c elementor-widget elementor-widget-heading\" data-id=\"a8fd80c\" data-element_type=\"widget\" data-widget_type=\"heading.default\">\n\t\t\t\t<div class=\"elementor-widget-container\">\n\t\t\t\t\t<p class=\"elementor-heading-title elementor-size-default\">Wir kommunizieren auf Englisch<\/p>\t\t\t\t<\/div>\n\t\t\t\t<\/div>\n\t\t\t\t\t<\/div>\n\t\t\t\t<\/div>\n\t\t\t\t<section class=\"elementor-section elementor-top-section elementor-element elementor-element-7bc7267 elementor-section-boxed elementor-section-height-default elementor-section-height-default\" data-id=\"7bc7267\" data-element_type=\"section\" data-settings=\"{&quot;jet_parallax_layout_list&quot;:[],&quot;background_background&quot;:&quot;classic&quot;}\">\n\t\t\t\t\t\t<div class=\"elementor-container elementor-column-gap-default\">\n\t\t\t\t\t<div class=\"elementor-column elementor-col-50 elementor-top-column elementor-element elementor-element-4e2c00a\" data-id=\"4e2c00a\" data-element_type=\"column\">\n\t\t\t<div class=\"elementor-widget-wrap elementor-element-populated\">\n\t\t\t\t<div class=\"elementor-element elementor-element-43d0ff4 e-con-full e-flex e-con e-child\" data-id=\"43d0ff4\" data-element_type=\"container\" data-settings=\"{&quot;jet_parallax_layout_list&quot;:[]}\">\n\t\t\t\t<div class=\"elementor-element elementor-element-fd75a02 elementor-widget-mobile__width-inherit elementor-widget elementor-widget-jet-form-builder-form\" data-id=\"fd75a02\" data-element_type=\"widget\" data-widget_type=\"jet-form-builder-form.default\">\n\t\t\t\t<div class=\"elementor-widget-container\">\n\t\t\t\t\t<link rel='stylesheet' id='wp-block-library-css' href='https:\/\/www.alfaprogroup.at\/wp-includes\/css\/dist\/block-library\/style.min.css?ver=6.9.4' media='all' \/>\n<style id=\"jet-form-builder-162-inline-css\"><\/style><form  class=\"jet-form-builder layout-column submit-type-reload\" action=\"https:\/\/www.alfaprogroup.at\/cs\/wp-json\/wp\/v2\/pages\/43756\/?03evhf=hrZ8ebNvRS&#038;method=reload\" method=\"POST\" data-form-id=\"162\" data-layout=\"column\" enctype=\"multipart\/form-data\" data-clear=\"1\" novalidate=\"null\" ssr_validation_method=\"rest\" data-trp-original-action=\"https:\/\/www.alfaprogroup.at\/cs\/wp-json\/wp\/v2\/pages\/43756\/?03evhf=hrZ8ebNvRS&amp;method=reload\"><input type=\"hidden\" id=\"_wpnonce\" name=\"_wpnonce\" value=\"466e9c3eff\" \/><input type=\"hidden\" name=\"_wp_http_referer\" value=\"\/cs\/wp-json\/wp\/v2\/pages\/43756\" \/>\r\n<input type=\"hidden\" name=\"_jfb_current_render_states[]\" value=\"DEFAULT.STATE\" data-jfb-sync \/><input type=\"hidden\" class=\"jet-form-builder__field hidden-field\" name=\"_jet_engine_booking_form_id\" data-field-name=\"_jet_engine_booking_form_id\" value=\"162\">\n<input type=\"hidden\" class=\"jet-form-builder__field hidden-field\" name=\"_jet_engine_refer\" data-field-name=\"_jet_engine_refer\" value=\"https:\/\/www.alfaprogroup.at\/cs\/wp-json\/wp\/v2\/pages\/43756\/\">\n<input type=\"hidden\" class=\"jet-form-builder__field hidden-field\" name=\"__queried_post_id\" data-field-name=\"__queried_post_id\" value=\"43756\">\n<div  class=\"jet-form-builder-row field-type-text-field\" >\n<div class=\"jet-form-builder__field-wrap\">\n\t\t\t\t<input placeholder=\"Full name\" required=\"required\" name=\"meno_priezvisko\" id=\"meno_priezvisko\" type=\"text\" data-field-name=\"meno_priezvisko\" class=\"jet-form-builder__field text-field\" data-jfb-sync=\"null\" autocomplete=\"off_7Ni4XFrx\">\n\t\t\t\t\t<\/div>\n<\/div>\n\n<div  class=\"jet-form-builder-row field-type-text-field\" >\n<div class=\"jet-form-builder__field-wrap\">\n\t\t\t\t<input placeholder=\"Email\" required=\"required\" name=\"email\" id=\"email\" type=\"email\" data-field-name=\"email\" class=\"jet-form-builder__field text-field\" data-jfb-sync=\"null\" autocomplete=\"off_Nxr2hwmT\">\n\t\t\t\t\t<\/div>\n<\/div>\n\n<div  class=\"jet-form-builder-row field-type-text-field\" >\n<div class=\"jet-form-builder__field-wrap\">\n\t\t\t\t<input placeholder=\"Phone\" required=\"required\" name=\"tel_kontakt\" id=\"tel_kontakt\" type=\"tel\" data-field-name=\"tel_kontakt\" class=\"jet-form-builder__field text-field\" data-jfb-sync=\"null\" autocomplete=\"off_qWsYXP35\">\n\t\t\t\t\t<\/div>\n<\/div>\n\n<div  class=\"jet-form-builder-row field-type-textarea-field\" >\n<div class=\"jet-form-builder__field-wrap\">\n\t\t<textarea class=\"jet-form-builder__field textarea-field\" placeholder=\"Your message\" required=\"required\" name=\"sprava\" data-field-name=\"sprava\" id=\"sprava\" data-jfb-sync=\"null\"><\/textarea>\n\t<\/div>\n<\/div>\n\n<div  class=\"jet-form-builder-row field-type-checkbox-field\" >\n<div class=\"jet-form-builder__fields-group checkradio-wrap\" data-jfb-sync><div class=\"jet-form-builder__field-wrap checkboxes-wrap checkradio-wrap\"><label class=\"jet-form-builder__field-label for-checkbox\">\n<input type=\"checkbox\" name=\"field_name\" value=\"  Yes, I agree with the processing of my personal data.\" data-field-name=\"field_name\"  class=\"jet-form-builder__field checkboxes-field checkradio-field\" required=\"required\"><span> <label for=\"suhlas\" style=\"white-space: nowrap;max-width: 100%;overflow: hidden\"> I  have read and agree with the  <a href=\"https:\/\/www.alfaprogroup.at\/cs\/ochrana-soukromi\/\" style=\"color: #E10600\">privacy policy<\/a>. <\/label><\/span><\/label><\/div><\/div>\n<\/div>\n\n<input type=\"hidden\" class=\"captcha-token\" name=\"_captcha_token\" value=\"\"\/><div  class=\"jet-form-builder-row field-type-submit-field\" >\n\t<div data-type=\"submit\" class=\"jet-form-builder__action-button-wrapper jet-form-builder__submit-wrap\">\n\t<button class=\"jet-form-builder__action-button jet-form-builder__submit submit-type-reload\" type=\"submit\">SEND<\/button>\n\t<\/div>\n\t\n<\/div>\t<div class=\"jet-form-builder-messages-wrap\" data-form-id=\"162\"><\/div>\n<input type=\"hidden\" name=\"trp-form-language\" value=\"cs\"\/><\/form>\n\t\t\t\t<\/div>\n\t\t\t\t<\/div>\n\t\t\t\t<\/div>\n\t\t\t\t\t<\/div>\n\t\t<\/div>\n\t\t\t\t<div class=\"elementor-column elementor-col-50 elementor-top-column elementor-element elementor-element-c8df90e\" data-id=\"c8df90e\" data-element_type=\"column\">\n\t\t\t<div class=\"elementor-widget-wrap elementor-element-populated\">\n\t\t\t\t\t\t<div class=\"elementor-element elementor-element-0bf7b7e elementor-view-stacked elementor-position-left elementor-tablet-position-top elementor-shape-circle elementor-mobile-position-top elementor-widget elementor-widget-icon-box\" data-id=\"0bf7b7e\" data-element_type=\"widget\" data-widget_type=\"icon-box.default\">\n\t\t\t\t<div class=\"elementor-widget-container\">\n\t\t\t\t\t\t\t<div class=\"elementor-icon-box-wrapper\">\n\n\t\t\t\t\t\t<div class=\"elementor-icon-box-icon\">\n\t\t\t\t<a href=\"tel:%20+421%20907%20152%20344%20\" class=\"elementor-icon\" tabindex=\"-1\" aria-label=\"&lt;a href=&quot;tel: +421 907 152 344&quot; style=&quot;color: black;&quot; onmouseover=&quot;this.style.color=&#039;#E10600&#039;;&quot; onmouseout=&quot;this.style.color=&#039;black&#039;;&quot;&gt;+421 907 152 344&lt;\/a&gt;\">\n\t\t\t\t<svg aria-hidden=\"true\" class=\"e-font-icon-svg e-fas-phone-alt\" viewbox=\"0 0 512 512\" xmlns=\"http:\/\/www.w3.org\/2000\/svg\"><path d=\"M497.39 361.8l-112-48a24 24 0 0 0-28 6.9l-49.6 60.6A370.66 370.66 0 0 1 130.6 204.11l60.6-49.6a23.94 23.94 0 0 0 6.9-28l-48-112A24.16 24.16 0 0 0 122.6.61l-104 24A24 24 0 0 0 0 48c0 256.5 207.9 464 464 464a24 24 0 0 0 23.4-18.6l24-104a24.29 24.29 0 0 0-14.01-27.6z\"><\/path><\/svg>\t\t\t\t<\/a>\n\t\t\t<\/div>\n\t\t\t\n\t\t\t\t\t\t<div class=\"elementor-icon-box-content\">\n\n\t\t\t\t\t\t\t\t\t<h3 class=\"elementor-icon-box-title\">\n\t\t\t\t\t\t<a href=\"tel:%20+421%20907%20152%20344%20\" >\n\t\t\t\t\t\t\t<a href=\"tel:+421 907 152 344\" style=\"color: black\">+421 907 152 344<\/a>\t\t\t\t\t\t<\/a>\n\t\t\t\t\t<\/h3>\n\t\t\t\t\n\t\t\t\t\n\t\t\t<\/div>\n\t\t\t\n\t\t<\/div>\n\t\t\t\t\t\t<\/div>\n\t\t\t\t<\/div>\n\t\t\t\t<div class=\"elementor-element elementor-element-d9d01dc elementor-view-stacked elementor-position-left elementor-tablet-position-top elementor-shape-circle elementor-mobile-position-top elementor-widget elementor-widget-icon-box\" data-id=\"d9d01dc\" data-element_type=\"widget\" data-widget_type=\"icon-box.default\">\n\t\t\t\t<div class=\"elementor-widget-container\">\n\t\t\t\t\t\t\t<div class=\"elementor-icon-box-wrapper\">\n\n\t\t\t\t\t\t<div class=\"elementor-icon-box-icon\">\n\t\t\t\t<a href=\"tel:%20+421%20907%20152%20344%20\" class=\"elementor-icon\" tabindex=\"-1\" aria-label=\"&lt;a href=&quot;\/cs\/mailto\/&quot; style=&quot;color: black;&quot; onmouseover=&quot;this.style.color=&#039;#E10600&#039;;&quot; onmouseout=&quot;this.style.color=&#039;black&#039;;&quot;&gt;info@alfaprogroup.at&lt;\/a&gt;\">\n\t\t\t\t<svg aria-hidden=\"true\" class=\"e-font-icon-svg e-far-envelope\" viewbox=\"0 0 512 512\" xmlns=\"http:\/\/www.w3.org\/2000\/svg\"><path d=\"M464 64H48C21.49 64 0 85.49 0 112v288c0 26.51 21.49 48 48 48h416c26.51 0 48-21.49 48-48V112c0-26.51-21.49-48-48-48zm0 48v40.805c-22.422 18.259-58.168 46.651-134.587 106.49-16.841 13.247-50.201 45.072-73.413 44.701-23.208.375-56.579-31.459-73.413-44.701C106.18 199.465 70.425 171.067 48 152.805V112h416zM48 400V214.398c22.914 18.251 55.409 43.862 104.938 82.646 21.857 17.205 60.134 55.186 103.062 54.955 42.717.231 80.509-37.199 103.053-54.947 49.528-38.783 82.032-64.401 104.947-82.653V400H48z\"><\/path><\/svg>\t\t\t\t<\/a>\n\t\t\t<\/div>\n\t\t\t\n\t\t\t\t\t\t<div class=\"elementor-icon-box-content\">\n\n\t\t\t\t\t\t\t\t\t<h3 class=\"elementor-icon-box-title\">\n\t\t\t\t\t\t<a href=\"tel:%20+421%20907%20152%20344%20\" >\n\t\t\t\t\t\t\t<a href=\"\/cs\/mailto\/\" style=\"color: black\">info@alfaprogroup.at<\/a>\t\t\t\t\t\t<\/a>\n\t\t\t\t\t<\/h3>\n\t\t\t\t\n\t\t\t\t\n\t\t\t<\/div>\n\t\t\t\n\t\t<\/div>\n\t\t\t\t\t\t<\/div>\n\t\t\t\t<\/div>\n\t\t\t\t\t<\/div>\n\t\t<\/div>\n\t\t\t\t\t<\/div>\n\t\t<\/section>\n\t\t<div class=\"elementor-element elementor-element-a3b3e6c e-flex e-con-boxed e-con e-parent\" data-id=\"a3b3e6c\" data-element_type=\"container\" data-settings=\"{&quot;jet_parallax_layout_list&quot;:[]}\">\n\t\t\t\t\t<div class=\"e-con-inner\">\n\t\t\t\t<div class=\"elementor-element elementor-element-09969f5 elementor-widget elementor-widget-heading\" data-id=\"09969f5\" data-element_type=\"widget\" data-widget_type=\"heading.default\">\n\t\t\t\t<div class=\"elementor-widget-container\">\n\t\t\t\t\t<h2 class=\"elementor-heading-title elementor-size-default\">Kontakt- und Rechnungsdaten<\/h2>\t\t\t\t<\/div>\n\t\t\t\t<\/div>\n\t\t\t\t<div class=\"elementor-element elementor-element-0749891 elementor-widget elementor-widget-text-editor\" data-id=\"0749891\" data-element_type=\"widget\" data-widget_type=\"text-editor.default\">\n\t\t\t\t<div class=\"elementor-widget-container\">\n\t\t\t\t\t\t\t\t\t<p>AlfaPro spol. s r.o.<br \/>Znievska 19<br \/>85106 Bratislava<\/p><p class=\"p1\">CIN: 36658261<\/p><p class=\"p1\">TIN: 2022250281<\/p><p class=\"p1\">VAT ID: SK2022250281<\/p><p class=\"p1\">Bank account:<\/p><p class=\"p1\">IBAN: SK45 1100 0000 0029 4219 435<\/p><p class=\"p1\">SWIFT: TATRSKBX<\/p>\t\t\t\t\t\t\t\t<\/div>\n\t\t\t\t<\/div>\n\t\t\t\t\t<\/div>\n\t\t\t\t<\/div>\n\t\t\t\t<\/div>","protected":false},"excerpt":{"rendered":"<p>Kontaktieren Sie AlfaPro Wir helfen Ihnen, Ihre IT besser zu machen. Mit professioneller IT-Betreuung, effizientem IT-Service und verl\u00e4sslichem IT-Support steigern wir Ihre Ergebnisse und schaffen eine IT-Infrastruktur, auf die Sie sich verlassen k\u00f6nnen. Gesch\u00e4ftskontakt Wir kommunizieren auf Englisch I have read and agree with the privacy policy. SEND +421 907 152 344 info@alfaprogroup.at Kontakt- und [&hellip;]<\/p>","protected":false},"author":2,"featured_media":0,"parent":0,"menu_order":0,"comment_status":"closed","ping_status":"closed","template":"","meta":{"footnotes":""},"class_list":["post-43756","page","type-page","status-publish","hentry"],"_links":{"self":[{"href":"https:\/\/www.alfaprogroup.at\/cs\/wp-json\/wp\/v2\/pages\/43756","targetHints":{"allow":["GET"]}}],"collection":[{"href":"https:\/\/www.alfaprogroup.at\/cs\/wp-json\/wp\/v2\/pages"}],"about":[{"href":"https:\/\/www.alfaprogroup.at\/cs\/wp-json\/wp\/v2\/types\/page"}],"author":[{"embeddable":true,"href":"https:\/\/www.alfaprogroup.at\/cs\/wp-json\/wp\/v2\/users\/2"}],"replies":[{"embeddable":true,"href":"https:\/\/www.alfaprogroup.at\/cs\/wp-json\/wp\/v2\/comments?post=43756"}],"version-history":[{"count":5,"href":"https:\/\/www.alfaprogroup.at\/cs\/wp-json\/wp\/v2\/pages\/43756\/revisions"}],"predecessor-version":[{"id":45218,"href":"https:\/\/www.alfaprogroup.at\/cs\/wp-json\/wp\/v2\/pages\/43756\/revisions\/45218"}],"wp:attachment":[{"href":"https:\/\/www.alfaprogroup.at\/cs\/wp-json\/wp\/v2\/media?parent=43756"}],"curies":[{"name":"wp","href":"https:\/\/api.w.org\/{rel}","templated":true}]}}